{"id":58,"date":"2023-11-08T22:59:19","date_gmt":"2023-11-08T21:59:19","guid":{"rendered":"https:\/\/xn--rzs-vdelem-c7ad95k.com\/?page_id=58"},"modified":"2024-02-15T15:30:29","modified_gmt":"2024-02-15T14:30:29","slug":"szolgaltatasaink","status":"publish","type":"page","link":"https:\/\/xn--rzs-vdelem-c7ad95k.com\/?page_id=58","title":{"rendered":"Biztons\u00e1gi szolg\u00e1ltat\u00e1saink"},"content":{"rendered":"\n<h5 class=\"wp-block-heading\">\u00c9P\u00cdTKEZ\u00c9SI BIZTONS\u00c1GI SZOLG\u00c1LTAT\u00c1SOK<\/h5>\n\n\n\n<h6 class=\"wp-block-heading\"><em>&#8221; Az \u00e9p\u00edt\u0151ipar v\u00e9delme a b\u0171ncselekm\u00e9nyek ellen<\/em>. &#8220;<\/h6>\n\n\n\n<p>Az <strong>\u0150rz\u00e9s-V\u00e9delem<\/strong> egy vezet\u0151 mag\u00e1nbiztons\u00e1gi v\u00e1llalkoz\u00f3, amely t\u00f6bb \u00e9vtizedes tapasztalattal rendelkezik az \u00e9p\u00edtkez\u00e9sek biztons\u00e1gi szolg\u00e1ltat\u00e1sainak ny\u00fajt\u00e1s\u00e1ban a nemzeti szinten Magyarorsz\u00e1g k\u00fcl\u00f6nb\u00f6z\u0151 ter\u00fclet\u00e9n. Megv\u00e9dj\u00fck a h\u00e1z\u00e9p\u00edt\u00e9si ter\u00fcleteket, az \u00fat- \u00e9s vas\u00fat\u00e9p\u00edt\u00e9si projekteket \u00e9s az ipari fejleszt\u00e9seket a szervezett b\u0171n\u00f6z\u0151i band\u00e1k, vand\u00e1lok \u00e9s opportunista b\u0171n\u00f6z\u0151k jelentette fenyeget\u00e9st\u0151l jelenleg a vil\u00e1gban.<\/p>\n\n\n\n<p>A t\u00e1vfel\u00fcgyeleti \u00e9s gyors reag\u00e1l\u00e1si technol\u00f3gia haszn\u00e1lat\u00e1t\u00f3l kezdve a magasan k\u00e9pzett biztons\u00e1gi \u0151r\u00f6kig vagy a fizikai biztons\u00e1gi int\u00e9zked\u00e9sek telep\u00edt\u00e9s\u00e9ig fejleszt\u0151kkel \u00e9s \u00e9p\u00edt\u00e9si v\u00e1llalkoz\u00f3kkal dolgozunk egy\u00fctt a leghat\u00e9konyabb \u00e9p\u00edt\u00e9si biztons\u00e1gi strat\u00e9gi\u00e1k megval\u00f3s\u00edt\u00e1s\u00e1n, amelyek korl\u00e1tozz\u00e1k az \u00e9p\u00edt\u0151iparban elk\u00f6vetett b\u0171ncselekm\u00e9nyek \u00e1ltal okozott vesztes\u00e9geket \u00e9s kellemetlens\u00e9geket a kivitelez\u0151k sz\u00e1m\u00e1ra.<\/p>\n\n\n\n<p>Az <strong>\u0150rz\u00e9s-V\u00e9delem<\/strong>, a j\u00f3l l\u00e1that\u00f3 biztons\u00e1gi szem\u00e9lyzettel, mobil j\u00e1r\u0151r\u00f6z\u00e9ssel \u00e9s t\u00e1vfel\u00fcgyelettel az els\u0151 v\u00e9delmi vonall\u00e1 v\u00e1lhat az \u00d6n fejl\u0151d\u00e9se sor\u00e1n; a lop\u00e1s, birtokh\u00e1bor\u00edt\u00e1s \u00e9s vandalizmus megel\u0151z\u00e9se a p\u00e9nz\u00fcgyi vesztes\u00e9g \u00e9s a halad\u00e1s megzavar\u00e1s\u00e1nak minimaliz\u00e1l\u00e1sa \u00e9rdek\u00e9ben megb\u00edz\u00e1sai h\u00e1tter\u00e9ben.<\/p>\n\n\n\n<p>&nbsp;<\/p>\n\n\n\n<figure class=\"wp-block-image aligncenter size-full is-resized wp-duotone-dark-grayscale\"><img loading=\"lazy\" decoding=\"async\" width=\"387\" height=\"241\" src=\"https:\/\/xn--rzs-vdelem-c7ad95k.com\/wp-content\/uploads\/2023\/11\/security-construction.jpg\" alt=\"\" class=\"wp-image-223\" style=\"width:779px;height:auto\" srcset=\"https:\/\/xn--rzs-vdelem-c7ad95k.com\/wp-content\/uploads\/2023\/11\/security-construction.jpg 387w, https:\/\/xn--rzs-vdelem-c7ad95k.com\/wp-content\/uploads\/2023\/11\/security-construction-300x187.jpg 300w\" sizes=\"(max-width: 387px) 100vw, 387px\" \/><\/figure>\n\n\n\n<h5 class=\"wp-block-heading\">CCTV BIZTONS\u00c1GI SZOLG\u00c1LTAT\u00c1SOK<\/h5>\n\n\n\n<p>A mag\u00e1nh\u00e1zakt\u00f3l \u00e9s z\u00e1rt k\u00f6z\u00f6ss\u00e9gekt\u0151l az egy- vagy t\u00f6bbtelephelyes v\u00e1llalkoz\u00e1sokig z\u00e1rt l\u00e1nc\u00fa telev\u00edzi\u00f3s (CCTV) biztons\u00e1gi szolg\u00e1ltat\u00e1saink k\u00fczdenek a n\u00f6vekv\u0151 b\u0171n\u00f6z\u00e9si hull\u00e1m ellen, hogy biztons\u00e1got \u00e9s nyugalmat ny\u00fajtsanak megl\u00e9v\u0151 \u00e9s \u00daj \u00dcgyfeleink r\u00e9sz\u00e9re.<\/p>\n\n\n\n<div class=\"wp-block-group is-vertical is-content-justification-center is-layout-flex wp-container-core-group-is-layout-2 wp-block-group-is-layout-flex\">\n<p class=\"has-text-align-left\"><em><strong>Amit Mi k\u00edn\u00e1lunk az \u00d6n r\u00e9sz\u00e9re,<\/strong><\/em><\/p>\n\n\n\n<div class=\"wp-block-group is-vertical is-layout-flex wp-container-core-group-is-layout-1 wp-block-group-is-layout-flex\">\n<p><em>\u26aaIngyenes helysz\u00edni felm\u00e9r\u00e9sek \u00e9s kock\u00e1zat\u00e9rt\u00e9kel\u00e9sek<\/em><\/p>\n\n\n\n<p><em>\u26aaCCTV telep\u00edt\u00e9s<\/em><\/p>\n\n\n\n<p class=\"has-text-align-left\"><em>\u26aaIdeiglenes mobil CCTV megfigyel\u0151 egys\u00e9gek<\/em><\/p>\n\n\n\n<p><em>\u26aaT\u00e1voli CCTV fel\u00fcgyeleti \u00e9s gyorsreag\u00e1l\u00e1si szolg\u00e1ltat\u00e1sok<\/em><\/p>\n\n\n\n<p><em>\u26aaT\u00f6bb helysz\u00ednen koordin\u00e1lt CCTV lefedetts\u00e9g<\/em><\/p>\n\n\n\n<p><em>\u26aaEllen\u0151rz\u0151 \u00e9s fel\u00fcgyel\u0151 \u00e1llom\u00e1sok szem\u00e9lyzete 24\/7<\/em><\/p>\n\n\n\n<p><em>\u26aaMagasan k\u00e9pzett biztons\u00e1gi szem\u00e9lyzet<strong>.<\/strong><\/em><\/p>\n<\/div>\n<\/div>\n\n\n\n<figure class=\"wp-block-image aligncenter size-full is-resized wp-duotone-dark-grayscale\"><img loading=\"lazy\" decoding=\"async\" width=\"1000\" height=\"667\" src=\"https:\/\/xn--rzs-vdelem-c7ad95k.com\/wp-content\/uploads\/2023\/11\/OIP-6.jpg\" alt=\"\" class=\"wp-image-224\" style=\"width:861px;height:auto\" srcset=\"https:\/\/xn--rzs-vdelem-c7ad95k.com\/wp-content\/uploads\/2023\/11\/OIP-6.jpg 1000w, https:\/\/xn--rzs-vdelem-c7ad95k.com\/wp-content\/uploads\/2023\/11\/OIP-6-300x200.jpg 300w, https:\/\/xn--rzs-vdelem-c7ad95k.com\/wp-content\/uploads\/2023\/11\/OIP-6-768x512.jpg 768w, https:\/\/xn--rzs-vdelem-c7ad95k.com\/wp-content\/uploads\/2023\/11\/OIP-6-600x400.jpg 600w\" sizes=\"(max-width: 1000px) 100vw, 1000px\" \/><\/figure>\n\n\n\n<h5 class=\"wp-block-heading\">Rendezv\u00e9ny biztos\u00edt\u00e1si szolg\u00e1ltat\u00e1s<\/h5>\n\n\n\n<h6 class=\"wp-block-heading\"><em>&#8221; \u0150rz\u00e9s-v\u00e9delem &#8211; \u00e9len az esem\u00e9ny \u00e9s rendezv\u00e9nybiztos\u00edt\u00e1sok ter\u00e9n.<\/em>&#8220;<\/h6>\n\n\n\n<p>Az <strong><em>\u0150rz\u00e9s-V\u00e9delem<\/em><\/strong> a v\u00e1lasztott v\u00e1llalat, ha az esem\u00e9nyek biztons\u00e1g\u00e1r\u00f3l \u00e9s v\u00e9delm\u00e9r\u0151l van sz\u00f3 b\u00e1rhol orsz\u00e1gszerte, magyarorsz\u00e1gi viszonylatban tekintve. Rendezv\u00e9nybiztons\u00e1gi tervez\u00e9st, biztons\u00e1gi \u0151r\u00f6ket, jegy\u00e9rt\u00e9kes\u00edt\u00e9si technol\u00f3gi\u00e1t, poggy\u00e1szellen\u0151rz\u00e9st, soromp\u00f3kat, ker\u00edt\u00e9seket \u00e9s forg\u00f3kapukat, valamint sz\u00e1mos t\u00f6megfigyel\u0151 int\u00e9zked\u00e9st biztos\u00edtunk \u00daj \u00e9s Megl\u00e9v\u0151 \u00dcgyfeleink r\u00e9sz\u00e9re.<\/p>\n\n\n\n<p>C\u00e9lunk annak biztos\u00edt\u00e1sa, hogy rendezv\u00e9nye megfeleljen a helyi enged\u00e9lyez\u00e9si el\u0151\u00edr\u00e1soknak, \u00e9s biztons\u00e1gos k\u00f6rnyezetet biztos\u00edtson mindenki sz\u00e1m\u00e1ra. V\u00e9gs\u0151 soron azt akarjuk, hogy rendezv\u00e9nye \u00e1t\u00fct\u0151 siker legyen, \u00e9s mindent megtesz\u00fcnk, hogy seg\u00edts\u00fcnk el\u00e9rni c\u00e9ljait, mindazt mire aznap sz\u00e1m\u00edthat \u00e1ltalunk.<\/p>\n\n\n\n<p class=\"has-text-align-center\"><p class=\"has-text-align-center\" style=\"text-align: left;\"><em><strong>Szakter\u00fclet\u00fcnk az esem\u00e9nybiztons\u00e1g,<\/strong><\/em><\/p><\/p>\n\n\n\n<div class=\"wp-block-group is-vertical is-content-justification-center is-layout-flex wp-container-core-group-is-layout-3 wp-block-group-is-layout-flex\">\n<p class=\"has-text-align-center\"><p class=\"has-text-align-center\" style=\"text-align: left;\"><em>\u26aa<\/em>Fontosabb politikai konferenci\u00e1k<\/p><\/p>\n\n\n\n<p class=\"has-text-align-center\"><p class=\"has-text-align-center\" style=\"text-align: left;\"><em>\u26aa<\/em>Zenei rendezv\u00e9nyek \u00e9s koncertek<\/p><\/p>\n\n\n\n<p class=\"has-text-align-center\"><p class=\"has-text-align-center\" style=\"text-align: left;\"><em>\u26aa<\/em>Fesztiv\u00e1lok<\/p><\/p>\n\n\n\n<p class=\"has-text-align-center\"><p class=\"has-text-align-center\" style=\"text-align: left;\"><em>\u26aa<\/em>Sportesem\u00e9nyek<\/p><\/p>\n\n\n\n<p class=\"has-text-align-center\"><p class=\"has-text-align-center\" style=\"text-align: left;\"><em>\u26aa<\/em>Esk\u00fcv\u0151k \u00e9s egy\u00e9b z\u00e1rtk\u00f6r\u0171 rendezv\u00e9nyek<strong>.<\/strong><\/p><\/p>\n\n\n\n<p>&nbsp;<\/p>\n<\/div>\n\n\n\n<p>&nbsp;<\/p>\n\n\n\n<h4 class=\"wp-block-heading\">GYORS REAG\u00c1L\u00c1S A B\u0170N\u00d6Z\u00c9SRE \u00c9S A V\u00c9SZHELYZETEKRE<\/h4>\n\n\n\n<p>Agg\u00f3dik-e amiatt, hogy ha otthona vagy v\u00e1llalkoz\u00e1sa b\u0171n\u00f6z\u0151k c\u00e9lpontj\u00e1v\u00e1 v\u00e1lik, vagy v\u00e9szhelyzet mer\u00fcl fel, a t\u00f6rv\u00e9nyes szolg\u00e1ltat\u00e1sok reakci\u00f3ja gyakran a lass\u00fat\u00f3l a nem l\u00e9tez\u0151ig terjedhet? Ha agg\u00f3dik vagy tapasztalt ilyen t\u00edpus\u00fa probl\u00e9m\u00e1kat, profit\u00e1lhat speci\u00e1lis kulcstart\u00f3 \u00e9s riaszt\u00e1si szolg\u00e1ltat\u00e1sainkb\u00f3l<\/p>\n\n\n\n<p>Az \u0150rz\u00e9s-V\u00e9delem egy vezet\u0151 biztons\u00e1gi v\u00e1llalat, amely egyed\u00fcl\u00e1ll\u00f3an azon dolgozik, hogy kit\u00f6ltse ezt a hi\u00e1nyt. Kiv\u00e9teles riaszt\u00e1si reag\u00e1l\u00e1si \u00e9s kulcstart\u00e1si szolg\u00e1ltat\u00e1sokat ny\u00fajtunk az \u00d6nh\u00f6z hasonl\u00f3 v\u00e1llalkoz\u00e1soknak \u00e9s lak\u00e1stulajdonosoknak. Megnyugtatva \u00d6nt, hogy ha az elk\u00e9pzelhetetlen megt\u00f6rt\u00e9nik, egy szakemberekb\u0151l \u00e1ll\u00f3 csapat fel\u00fcgyeli a helyis\u00e9geit, k\u00e9szen \u00e1ll arra, hogy egy pillanat alatt reag\u00e1ljon.<\/p>\n\n\n\n<p>Az ipar\u00e1gban szerzett t\u00f6bb \u00e9vtizedes tapasztalatunkkal, valamint a nemzeti \u00e9s nemzetk\u00f6zi kis \u00e9s nagy \u00fcgyfelek portf\u00f3li\u00f3j\u00e1val kulcstart\u00f3 \u00e9s riaszt\u00e1si v\u00e1laszszolg\u00e1ltat\u00e1saink biztos\u00edtj\u00e1k, hogy ingatlana vagy v\u00e1llalkoz\u00e1sa mindig v\u00e9dve legyen.<\/p>\n\n\n\n<p>V\u00e9g\u00fcl is a b\u0171n\u00f6z\u00e9s csak az egyik szempont. El\u0151fordulhat, hogy azonnali reag\u00e1l\u00e1sra van sz\u00fcks\u00e9ge sz\u00e1mos v\u00e9szhelyzetre, p\u00e9ld\u00e1ul t\u0171zre vagy \u00e1ramkimarad\u00e1sra. \u00c9s ennek hat\u00e9kony elv\u00e9gz\u00e9s\u00e9hez teljes hozz\u00e1f\u00e9r\u00e9st biztos\u00edthat egy megb\u00edzhat\u00f3 biztons\u00e1gi c\u00e9ghez, amely rendelkezik a v\u00e9szhelyzet gyors \u00e9s hat\u00e9kony kezel\u00e9s\u00e9hez sz\u00fcks\u00e9ges er\u0151forr\u00e1sokkal \u00e9s tapasztalattal, minimaliz\u00e1lva a vesztes\u00e9get, a k\u00e1rokat \u00e9s a zavarokat.<\/p>\n\n\n\n<p>A professzion\u00e1lis biztons\u00e1gi fel\u00fcgyelet \u00e9jjel-nappal biztos\u00edthatja a hi\u00e1nyz\u00f3 v\u00e9delmet, 24\/7 lefedetts\u00e9ggel \u00e9s azonnali reag\u00e1l\u00e1ssal a felmer\u00fcl\u0151 v\u00e9szhelyzetekre. Ide\u00e1lis \u00fczleti, ipari \u00e9s mag\u00e1nlak\u00e1sok sz\u00e1m\u00e1ra, amelyeket hossz\u00fa ideig \u00fcresen hagynak.<\/p>\n\n\n\n<h5 class=\"wp-block-heading\">KULCSTART\u00d3 \u00c9S RIASZT\u00c1SI V\u00c1LASZ \u2013 SZEKTOROK<\/h5>\n\n\n\n<figure class=\"wp-block-image aligncenter size-full is-resized\"><img loading=\"lazy\" decoding=\"async\" width=\"940\" height=\"788\" src=\"https:\/\/xn--rzs-vdelem-c7ad95k.com\/wp-content\/uploads\/2023\/11\/Bunozes-megelozese-2.jpg\" alt=\"\" class=\"wp-image-225\" style=\"width:604px;height:auto\" srcset=\"https:\/\/xn--rzs-vdelem-c7ad95k.com\/wp-content\/uploads\/2023\/11\/Bunozes-megelozese-2.jpg 940w, https:\/\/xn--rzs-vdelem-c7ad95k.com\/wp-content\/uploads\/2023\/11\/Bunozes-megelozese-2-300x251.jpg 300w, https:\/\/xn--rzs-vdelem-c7ad95k.com\/wp-content\/uploads\/2023\/11\/Bunozes-megelozese-2-768x644.jpg 768w\" sizes=\"(max-width: 940px) 100vw, 940px\" \/><\/figure>\n","protected":false},"excerpt":{"rendered":"<p>\u00c9P\u00cdTKEZ\u00c9SI BIZTONS\u00c1GI SZOLG\u00c1LTAT\u00c1SOK &#8221; Az \u00e9p\u00edt\u0151ipar v\u00e9delme a b\u0171ncselekm\u00e9nyek ellen. &#8220; Az \u0150rz\u00e9s-V\u00e9delem egy vezet\u0151 mag\u00e1nbiztons\u00e1gi v\u00e1llalkoz\u00f3, amely t\u00f6bb \u00e9vtizedes tapasztalattal rendelkezik az \u00e9p\u00edtkez\u00e9sek biztons\u00e1gi szolg\u00e1ltat\u00e1sainak ny\u00fajt\u00e1s\u00e1ban a nemzeti szinten Magyarorsz\u00e1g k\u00fcl\u00f6nb\u00f6z\u0151 ter\u00fclet\u00e9n. Megv\u00e9dj\u00fck a h\u00e1z\u00e9p\u00edt\u00e9si ter\u00fcleteket, az \u00fat- \u00e9s vas\u00fat\u00e9p\u00edt\u00e9si projekteket \u00e9s az ipari fejleszt\u00e9seket a szervezett b\u0171n\u00f6z\u0151i band\u00e1k, vand\u00e1lok \u00e9s opportunista b\u0171n\u00f6z\u0151k jelentette [&hellip;]<\/p>\n","protected":false},"author":2,"featured_media":0,"parent":206,"menu_order":0,"comment_status":"closed","ping_status":"closed","template":"","meta":{"ub_ctt_via":"","_eb_attr":"","_regular_price":[],"currency_symbol":[],"_uag_custom_page_level_css":"","_monsterinsights_skip_tracking":false,"_monsterinsights_sitenote_active":false,"_monsterinsights_sitenote_note":"","_monsterinsights_sitenote_category":0,"footnotes":""},"featured_image_src":null,"aioseo_notices":[],"post_slider_layout_featured_media_urls":{"thumbnail":"","post_slider_layout_landscape_large":"","post_slider_layout_portrait_large":"","post_slider_layout_square_large":"","post_slider_layout_landscape":"","post_slider_layout_portrait":"","post_slider_layout_square":"","full":""},"uagb_featured_image_src":{"full":false,"thumbnail":false,"medium":false,"medium_large":false,"large":false,"1536x1536":false,"2048x2048":false,"post_slider_layout_landscape_large":false,"post_slider_layout_portrait_large":false,"post_slider_layout_square_large":false,"post_slider_layout_landscape":false,"post_slider_layout_portrait":false,"post_slider_layout_square":false,"_nx_notification_thumb":false},"uagb_author_info":{"display_name":"fatime","author_link":"https:\/\/xn--rzs-vdelem-c7ad95k.com\/?author=2"},"uagb_comment_info":0,"uagb_excerpt":"\u00c9P\u00cdTKEZ\u00c9SI BIZTONS\u00c1GI SZOLG\u00c1LTAT\u00c1SOK &#8221; Az \u00e9p\u00edt\u0151ipar v\u00e9delme a b\u0171ncselekm\u00e9nyek ellen. &#8220; Az \u0150rz\u00e9s-V\u00e9delem egy vezet\u0151 mag\u00e1nbiztons\u00e1gi v\u00e1llalkoz\u00f3, amely t\u00f6bb \u00e9vtizedes tapasztalattal rendelkezik az \u00e9p\u00edtkez\u00e9sek biztons\u00e1gi szolg\u00e1ltat\u00e1sainak ny\u00fajt\u00e1s\u00e1ban a nemzeti szinten Magyarorsz\u00e1g k\u00fcl\u00f6nb\u00f6z\u0151 ter\u00fclet\u00e9n. Megv\u00e9dj\u00fck a h\u00e1z\u00e9p\u00edt\u00e9si ter\u00fcleteket, az \u00fat- \u00e9s vas\u00fat\u00e9p\u00edt\u00e9si projekteket \u00e9s az ipari fejleszt\u00e9seket a szervezett b\u0171n\u00f6z\u0151i band\u00e1k, vand\u00e1lok \u00e9s opportunista b\u0171n\u00f6z\u0151k jelentette&hellip;","_links":{"self":[{"href":"https:\/\/xn--rzs-vdelem-c7ad95k.com\/index.php?rest_route=\/wp\/v2\/pages\/58"}],"collection":[{"href":"https:\/\/xn--rzs-vdelem-c7ad95k.com\/index.php?rest_route=\/wp\/v2\/pages"}],"about":[{"href":"https:\/\/xn--rzs-vdelem-c7ad95k.com\/index.php?rest_route=\/wp\/v2\/types\/page"}],"author":[{"embeddable":true,"href":"https:\/\/xn--rzs-vdelem-c7ad95k.com\/index.php?rest_route=\/wp\/v2\/users\/2"}],"replies":[{"embeddable":true,"href":"https:\/\/xn--rzs-vdelem-c7ad95k.com\/index.php?rest_route=%2Fwp%2Fv2%2Fcomments&post=58"}],"version-history":[{"count":5,"href":"https:\/\/xn--rzs-vdelem-c7ad95k.com\/index.php?rest_route=\/wp\/v2\/pages\/58\/revisions"}],"predecessor-version":[{"id":1118,"href":"https:\/\/xn--rzs-vdelem-c7ad95k.com\/index.php?rest_route=\/wp\/v2\/pages\/58\/revisions\/1118"}],"up":[{"embeddable":true,"href":"https:\/\/xn--rzs-vdelem-c7ad95k.com\/index.php?rest_route=\/wp\/v2\/pages\/206"}],"wp:attachment":[{"href":"https:\/\/xn--rzs-vdelem-c7ad95k.com\/index.php?rest_route=%2Fwp%2Fv2%2Fmedia&parent=58"}],"curies":[{"name":"wp","href":"https:\/\/api.w.org\/{rel}","templated":true}]}}